{"id":13,"date":"2015-02-18T18:08:39","date_gmt":"2015-02-18T18:08:39","guid":{"rendered":"http:\/\/carlovfigurines.com\/es\/?page_id=13"},"modified":"2021-05-09T20:39:16","modified_gmt":"2021-05-09T18:39:16","slug":"sobre-mi","status":"publish","type":"page","link":"https:\/\/carlovfigurines.com\/es\/sobre-mi\/","title":{"rendered":"Sobre m\u00ed"},"content":{"rendered":"<p>\u00a1Hola!<br \/>\nMe llamo <b>Lydia Cubillas<\/b> (soy la persona tras el usuario Carlov).<br \/>\n<img decoding=\"async\" src=\"https:\/\/carlovfigurines.com\/wp-content\/uploads\/email-carlovfigurines-shop.gif\" alt=\"email de contacto\" title=\"contacta conmigo\" width=\"250\" style=\"float: left; margin: 10px;\"><\/p>\n<p style=\"text-align:justify;\">\n\u00bfQui\u00e9n soy? Soy una treintea\u00f1era de Granada que vive en un pueblo alejado de Ja\u00e9n con una conexi\u00f3n a Internet de transferencia limitada a \u00a110Gb! :S<\/p>\n<p>Estudi\u00e9 <b>Grabado y Estampaci\u00f3n<\/b> e <b>Inform\u00e1tica<\/b> sin tener mucha vocaci\u00f3n y sin saber muy bien qu\u00e9 quer\u00eda hacer con mi vida&#8230; Sab\u00eda que encontraba cierta satisfacci\u00f3n arreglando PCs, configurando mis blogs, que me gustaba aprender lo que pod\u00eda de lenguajes de programaci\u00f3n y maquetaci\u00f3n web, que me atra\u00eda el dise\u00f1o, que me gustaba dibujar&#8230; nada llegaba a llenarme u obsesionarme.<\/p>\n<p><img loading=\"lazy\" decoding=\"async\" src=\"http:\/\/carlovfigurines.com\/wp-content\/uploads\/me.png\" alt=\"this-is-me\" width=\"535\" height=\"357\" class=\"aligncenter size-full wp-image-628\"><\/p>\n<p style=\"text-align:justify;\">\nA los a\u00f1os, empec\u00e9 a <b>modelar miniaturas<\/b> para pasar el rato y me di cuenta de que disfrutaba con el proceso y los resultados. Not\u00e9 que me gustaba hacer figuras en miniatura de personajes de aventuras cl\u00e1sicas de los 90 como los tent\u00e1culos de Day of the Tentacle o los protagonistas del Maniac Mansion, los slimes de Dragon Quest, las caquitas de Dr. Slump&#8230; muchas fueron mis v\u00edctimas jeje.<br \/>\nAnimada por mi familia, decid\u00ed que era el momento de abrir una <a target=\"_blank\" href=\"https:\/\/www.etsy.com\/es\/people\/carlovfigurineshop\" title=\"undefined\" target=\"_blank\" rel=\"nofollow noopener\">tienda virtual llamada CarlovFigurineShop en Etsy<\/a> y probar suerte en el mundo del <b>Crafting<\/b>.<\/p>\n<p><img loading=\"lazy\" decoding=\"async\" src=\"http:\/\/carlovfigurines.com\/es\/wp-content\/uploads\/sites\/2\/2015\/02\/carlovFigurineShop.png\" alt=\"carlov figurine shop banner\" width=\"600\" height=\"188\" class=\"aligncenter size-full wp-image-312\" srcset=\"https:\/\/carlovfigurines.com\/es\/wp-content\/uploads\/sites\/2\/2015\/02\/carlovFigurineShop.png 600w, https:\/\/carlovfigurines.com\/es\/wp-content\/uploads\/sites\/2\/2015\/02\/carlovFigurineShop-300x94.png 300w\" sizes=\"auto, (max-width: 600px) 100vw, 600px\" \/><\/p>\n<p style=\"text-align:justify;\">\nPor ello modifiqu\u00e9 mi antiguo blog Memento Mori y cre\u00e9 la marca <b>Carlov Figurine Shop<\/b>.<br \/>\nCarlov es un personaje del juego Zelda que aparece en <b>The Minish Cap<\/b> y <b>The Wind Waker.<\/b> Se trata de un maestro de la escultura que posee una tienda (dentro del juego) en la que vende a Link figurillas de los personajes del propio videojuego.<br \/>\nEleg\u00ed este nombre porque, por las noches, sol\u00eda jugar al The Minish Cap y, mientras, me rondaba por la cabeza el dedicarme a la creaci\u00f3n de figuras de personajes de juegos y series de mi infancia.<\/p>\n<p>En este blog podr\u00e1s ver tanto mis creaciones como aspectos de mi vida o gustos que quiera compartir.<br \/>\nNo soy una persona con buenas habilidades sociales pero la red me est\u00e1 ayudando mucho y me gustar\u00eda llegar a conocer a todos los que os pas\u00e1is por aqu\u00ed.<\/p>\n<p>Espero que disfrutes y, si te apetece contarme algo, \u00a1m\u00e1ndame un email! <b>estar\u00e9 encantada de leerte<\/b>.<\/p>\n<div class=\"signature\"><img decoding=\"async\" src=\"http:\/\/carlovfigurines.com\/wp-content\/themes\/placid-child\/images\/firma-carlovfigurines.png\" alt=\"firma\" title=\"carlovfigurineshop\"><\/div>\n","protected":false},"excerpt":{"rendered":"<p>\u00a1Hola! Me llamo Lydia Cubillas (soy la persona tras el usuario Carlov). \u00bfQui\u00e9n soy? Soy una treintea\u00f1era de Granada que vive en un pueblo alejado&hellip;<\/p>\n","protected":false},"author":1,"featured_media":0,"parent":0,"menu_order":0,"comment_status":"closed","ping_status":"closed","template":"","meta":{"footnotes":""},"class_list":["post-13","page","type-page","status-publish","hentry"],"yoast_head":"<!-- This site is optimized with the Yoast SEO plugin v22.2 - https:\/\/yoast.com\/wordpress\/plugins\/seo\/ -->\n<title>Sobre m\u00ed - Carlov Figurines<\/title>\n<meta name=\"description\" content=\"\u00a1Hola! Me llamo Lydia Cubillas (soy la persona tras el usuario Carlov). \u00bfQui\u00e9n soy? Soy una treintea\u00f1era de Granada que vive en un pueblo alejado de Ja\u00e9n\" \/>\n<meta name=\"robots\" content=\"index, follow, max-snippet:-1, max-image-preview:large, max-video-preview:-1\" \/>\n<link rel=\"canonical\" href=\"https:\/\/carlovfigurines.com\/es\/sobre-mi\/\" \/>\n<meta property=\"og:locale\" content=\"en_US\" \/>\n<meta property=\"og:type\" content=\"article\" \/>\n<meta property=\"og:title\" content=\"Sobre m\u00ed - Carlov Figurines\" \/>\n<meta property=\"og:description\" content=\"\u00a1Hola! Me llamo Lydia Cubillas (soy la persona tras el usuario Carlov). \u00bfQui\u00e9n soy? Soy una treintea\u00f1era de Granada que vive en un pueblo alejado de Ja\u00e9n\" \/>\n<meta property=\"og:url\" content=\"https:\/\/carlovfigurines.com\/es\/sobre-mi\/\" \/>\n<meta property=\"og:site_name\" content=\"Carlov figurines - figuras frikis\" \/>\n<meta property=\"article:modified_time\" content=\"2021-05-09T18:39:16+00:00\" \/>\n<meta property=\"og:image\" content=\"https:\/\/carlovfigurines.com\/wp-content\/uploads\/email-carlovfigurines-shop.gif\" \/>\n<meta name=\"twitter:card\" content=\"summary_large_image\" \/>\n<meta name=\"twitter:label1\" content=\"Est. reading time\" \/>\n\t<meta name=\"twitter:data1\" content=\"2 minutes\" \/>\n<script type=\"application\/ld+json\" class=\"yoast-schema-graph\">{\"@context\":\"https:\/\/schema.org\",\"@graph\":[{\"@type\":\"WebPage\",\"@id\":\"https:\/\/carlovfigurines.com\/es\/sobre-mi\/\",\"url\":\"https:\/\/carlovfigurines.com\/es\/sobre-mi\/\",\"name\":\"Sobre m\u00ed - Carlov Figurines\",\"isPartOf\":{\"@id\":\"https:\/\/carlovfigurines.com\/es\/#website\"},\"primaryImageOfPage\":{\"@id\":\"https:\/\/carlovfigurines.com\/es\/sobre-mi\/#primaryimage\"},\"image\":{\"@id\":\"https:\/\/carlovfigurines.com\/es\/sobre-mi\/#primaryimage\"},\"thumbnailUrl\":\"https:\/\/carlovfigurines.com\/wp-content\/uploads\/email-carlovfigurines-shop.gif\",\"datePublished\":\"2015-02-18T18:08:39+00:00\",\"dateModified\":\"2021-05-09T18:39:16+00:00\",\"description\":\"\u00a1Hola! Me llamo Lydia Cubillas (soy la persona tras el usuario Carlov). \u00bfQui\u00e9n soy? Soy una treintea\u00f1era de Granada que vive en un pueblo alejado de Ja\u00e9n\",\"breadcrumb\":{\"@id\":\"https:\/\/carlovfigurines.com\/es\/sobre-mi\/#breadcrumb\"},\"inLanguage\":\"msls-es-ES\",\"potentialAction\":[{\"@type\":\"ReadAction\",\"target\":[\"https:\/\/carlovfigurines.com\/es\/sobre-mi\/\"]}]},{\"@type\":\"ImageObject\",\"inLanguage\":\"msls-es-ES\",\"@id\":\"https:\/\/carlovfigurines.com\/es\/sobre-mi\/#primaryimage\",\"url\":\"https:\/\/carlovfigurines.com\/wp-content\/uploads\/email-carlovfigurines-shop.gif\",\"contentUrl\":\"https:\/\/carlovfigurines.com\/wp-content\/uploads\/email-carlovfigurines-shop.gif\"},{\"@type\":\"BreadcrumbList\",\"@id\":\"https:\/\/carlovfigurines.com\/es\/sobre-mi\/#breadcrumb\",\"itemListElement\":[{\"@type\":\"ListItem\",\"position\":1,\"name\":\"Home\",\"item\":\"https:\/\/carlovfigurines.com\/es\/\"},{\"@type\":\"ListItem\",\"position\":2,\"name\":\"Sobre m\u00ed\"}]},{\"@type\":\"WebSite\",\"@id\":\"https:\/\/carlovfigurines.com\/es\/#website\",\"url\":\"https:\/\/carlovfigurines.com\/es\/\",\"name\":\"Carlov figurines - figuras frikis\",\"description\":\"y retro\",\"publisher\":{\"@id\":\"https:\/\/carlovfigurines.com\/es\/#organization\"},\"potentialAction\":[{\"@type\":\"SearchAction\",\"target\":{\"@type\":\"EntryPoint\",\"urlTemplate\":\"https:\/\/carlovfigurines.com\/es\/?s={search_term_string}\"},\"query-input\":\"required name=search_term_string\"}],\"inLanguage\":\"msls-es-ES\"},{\"@type\":\"Organization\",\"@id\":\"https:\/\/carlovfigurines.com\/es\/#organization\",\"name\":\"Carlov figurines - figuras frikis\",\"url\":\"https:\/\/carlovfigurines.com\/es\/\",\"logo\":{\"@type\":\"ImageObject\",\"inLanguage\":\"msls-es-ES\",\"@id\":\"https:\/\/carlovfigurines.com\/es\/#\/schema\/logo\/image\/\",\"url\":\"http:\/\/carlovfigurines.com\/es\/wp-content\/uploads\/sites\/2\/2020\/01\/favicon.gif\",\"contentUrl\":\"http:\/\/carlovfigurines.com\/es\/wp-content\/uploads\/sites\/2\/2020\/01\/favicon.gif\",\"width\":460,\"height\":460,\"caption\":\"Carlov figurines - figuras frikis\"},\"image\":{\"@id\":\"https:\/\/carlovfigurines.com\/es\/#\/schema\/logo\/image\/\"}}]}<\/script>\n<!-- \/ Yoast SEO plugin. -->","yoast_head_json":{"title":"Sobre m\u00ed - Carlov Figurines","description":"\u00a1Hola! Me llamo Lydia Cubillas (soy la persona tras el usuario Carlov). \u00bfQui\u00e9n soy? Soy una treintea\u00f1era de Granada que vive en un pueblo alejado de Ja\u00e9n","robots":{"index":"index","follow":"follow","max-snippet":"max-snippet:-1","max-image-preview":"max-image-preview:large","max-video-preview":"max-video-preview:-1"},"canonical":"https:\/\/carlovfigurines.com\/es\/sobre-mi\/","og_locale":"en_US","og_type":"article","og_title":"Sobre m\u00ed - Carlov Figurines","og_description":"\u00a1Hola! Me llamo Lydia Cubillas (soy la persona tras el usuario Carlov). \u00bfQui\u00e9n soy? Soy una treintea\u00f1era de Granada que vive en un pueblo alejado de Ja\u00e9n","og_url":"https:\/\/carlovfigurines.com\/es\/sobre-mi\/","og_site_name":"Carlov figurines - figuras frikis","article_modified_time":"2021-05-09T18:39:16+00:00","og_image":[{"url":"https:\/\/carlovfigurines.com\/wp-content\/uploads\/email-carlovfigurines-shop.gif"}],"twitter_card":"summary_large_image","twitter_misc":{"Est. reading time":"2 minutes"},"schema":{"@context":"https:\/\/schema.org","@graph":[{"@type":"WebPage","@id":"https:\/\/carlovfigurines.com\/es\/sobre-mi\/","url":"https:\/\/carlovfigurines.com\/es\/sobre-mi\/","name":"Sobre m\u00ed - Carlov Figurines","isPartOf":{"@id":"https:\/\/carlovfigurines.com\/es\/#website"},"primaryImageOfPage":{"@id":"https:\/\/carlovfigurines.com\/es\/sobre-mi\/#primaryimage"},"image":{"@id":"https:\/\/carlovfigurines.com\/es\/sobre-mi\/#primaryimage"},"thumbnailUrl":"https:\/\/carlovfigurines.com\/wp-content\/uploads\/email-carlovfigurines-shop.gif","datePublished":"2015-02-18T18:08:39+00:00","dateModified":"2021-05-09T18:39:16+00:00","description":"\u00a1Hola! Me llamo Lydia Cubillas (soy la persona tras el usuario Carlov). \u00bfQui\u00e9n soy? Soy una treintea\u00f1era de Granada que vive en un pueblo alejado de Ja\u00e9n","breadcrumb":{"@id":"https:\/\/carlovfigurines.com\/es\/sobre-mi\/#breadcrumb"},"inLanguage":"msls-es-ES","potentialAction":[{"@type":"ReadAction","target":["https:\/\/carlovfigurines.com\/es\/sobre-mi\/"]}]},{"@type":"ImageObject","inLanguage":"msls-es-ES","@id":"https:\/\/carlovfigurines.com\/es\/sobre-mi\/#primaryimage","url":"https:\/\/carlovfigurines.com\/wp-content\/uploads\/email-carlovfigurines-shop.gif","contentUrl":"https:\/\/carlovfigurines.com\/wp-content\/uploads\/email-carlovfigurines-shop.gif"},{"@type":"BreadcrumbList","@id":"https:\/\/carlovfigurines.com\/es\/sobre-mi\/#breadcrumb","itemListElement":[{"@type":"ListItem","position":1,"name":"Home","item":"https:\/\/carlovfigurines.com\/es\/"},{"@type":"ListItem","position":2,"name":"Sobre m\u00ed"}]},{"@type":"WebSite","@id":"https:\/\/carlovfigurines.com\/es\/#website","url":"https:\/\/carlovfigurines.com\/es\/","name":"Carlov figurines - figuras frikis","description":"y retro","publisher":{"@id":"https:\/\/carlovfigurines.com\/es\/#organization"},"potentialAction":[{"@type":"SearchAction","target":{"@type":"EntryPoint","urlTemplate":"https:\/\/carlovfigurines.com\/es\/?s={search_term_string}"},"query-input":"required name=search_term_string"}],"inLanguage":"msls-es-ES"},{"@type":"Organization","@id":"https:\/\/carlovfigurines.com\/es\/#organization","name":"Carlov figurines - figuras frikis","url":"https:\/\/carlovfigurines.com\/es\/","logo":{"@type":"ImageObject","inLanguage":"msls-es-ES","@id":"https:\/\/carlovfigurines.com\/es\/#\/schema\/logo\/image\/","url":"http:\/\/carlovfigurines.com\/es\/wp-content\/uploads\/sites\/2\/2020\/01\/favicon.gif","contentUrl":"http:\/\/carlovfigurines.com\/es\/wp-content\/uploads\/sites\/2\/2020\/01\/favicon.gif","width":460,"height":460,"caption":"Carlov figurines - figuras frikis"},"image":{"@id":"https:\/\/carlovfigurines.com\/es\/#\/schema\/logo\/image\/"}}]}},"_links":{"self":[{"href":"https:\/\/carlovfigurines.com\/es\/wp-json\/wp\/v2\/pages\/13","targetHints":{"allow":["GET"]}}],"collection":[{"href":"https:\/\/carlovfigurines.com\/es\/wp-json\/wp\/v2\/pages"}],"about":[{"href":"https:\/\/carlovfigurines.com\/es\/wp-json\/wp\/v2\/types\/page"}],"author":[{"embeddable":true,"href":"https:\/\/carlovfigurines.com\/es\/wp-json\/wp\/v2\/users\/1"}],"replies":[{"embeddable":true,"href":"https:\/\/carlovfigurines.com\/es\/wp-json\/wp\/v2\/comments?post=13"}],"version-history":[{"count":3,"href":"https:\/\/carlovfigurines.com\/es\/wp-json\/wp\/v2\/pages\/13\/revisions"}],"predecessor-version":[{"id":352,"href":"https:\/\/carlovfigurines.com\/es\/wp-json\/wp\/v2\/pages\/13\/revisions\/352"}],"wp:attachment":[{"href":"https:\/\/carlovfigurines.com\/es\/wp-json\/wp\/v2\/media?parent=13"}],"curies":[{"name":"wp","href":"https:\/\/api.w.org\/{rel}","templated":true}]}}